{"id":6682,"date":"2023-03-28T12:09:12","date_gmt":"2023-03-28T16:09:12","guid":{"rendered":"https:\/\/www.icpa-gz.org.py\/DE\/?page_id=6682"},"modified":"2026-01-09T15:36:33","modified_gmt":"2026-01-09T18:36:33","slug":"goethe-on-demand","status":"publish","type":"page","link":"https:\/\/www.icpa-gz.org.py\/DE\/goethe-on-demand\/","title":{"rendered":"GOETHE ON DEMAND"},"content":{"rendered":"\t\t<div data-elementor-type=\"wp-page\" data-elementor-id=\"6682\" class=\"elementor elementor-6682\">\n\t\t\t\t\t\t<section class=\"elementor-section elementor-top-section elementor-element elementor-element-614624f elementor-section-boxed elementor-section-height-default elementor-section-height-default\" data-id=\"614624f\" data-element_type=\"section\" data-e-type=\"section\">\n\t\t\t\t\t\t<div class=\"elementor-container elementor-column-gap-default\">\n\t\t\t\t\t<div class=\"elementor-column elementor-col-100 elementor-top-column elementor-element elementor-element-e845cb8\" data-id=\"e845cb8\" data-element_type=\"column\" data-e-type=\"column\">\n\t\t\t<div class=\"elementor-widget-wrap elementor-element-populated\">\n\t\t\t\t\t\t<div class=\"elementor-element elementor-element-5dfdef9 elementor-widget elementor-widget-image\" data-id=\"5dfdef9\" data-element_type=\"widget\" data-e-type=\"widget\" data-widget_type=\"image.default\">\n\t\t\t\t<div class=\"elementor-widget-container\">\n\t\t\t\t\t\t\t\t\t\t\t\t\t\t\t<img fetchpriority=\"high\" decoding=\"async\" width=\"788\" height=\"105\" src=\"https:\/\/www.icpa-gz.org.py\/DE\/wp-content\/uploads\/2023\/03\/Opera-Captura-de-pantalla_2023-03-27_150455_goethe-on-demand.de_.png\" class=\"attachment-full size-full wp-image-6683\" alt=\"\" srcset=\"https:\/\/www.icpa-gz.org.py\/DE\/wp-content\/uploads\/2023\/03\/Opera-Captura-de-pantalla_2023-03-27_150455_goethe-on-demand.de_.png 788w, https:\/\/www.icpa-gz.org.py\/DE\/wp-content\/uploads\/2023\/03\/Opera-Captura-de-pantalla_2023-03-27_150455_goethe-on-demand.de_-300x40.png 300w, https:\/\/www.icpa-gz.org.py\/DE\/wp-content\/uploads\/2023\/03\/Opera-Captura-de-pantalla_2023-03-27_150455_goethe-on-demand.de_-768x102.png 768w\" sizes=\"(max-width: 788px) 100vw, 788px\" \/>\t\t\t\t\t\t\t\t\t\t\t\t\t\t\t<\/div>\n\t\t\t\t<\/div>\n\t\t\t\t\t<\/div>\n\t\t<\/div>\n\t\t\t\t\t<\/div>\n\t\t<\/section>\n\t\t\t\t<section class=\"elementor-section elementor-top-section elementor-element elementor-element-e6485c1 elementor-section-boxed elementor-section-height-default elementor-section-height-default\" data-id=\"e6485c1\" data-element_type=\"section\" data-e-type=\"section\">\n\t\t\t\t\t\t<div class=\"elementor-container elementor-column-gap-default\">\n\t\t\t\t\t<div class=\"elementor-column elementor-col-100 elementor-top-column elementor-element elementor-element-825018e\" data-id=\"825018e\" data-element_type=\"column\" data-e-type=\"column\">\n\t\t\t<div class=\"elementor-widget-wrap elementor-element-populated\">\n\t\t\t\t\t\t<div class=\"elementor-element elementor-element-4a290f8 elementor-widget elementor-widget-text-editor\" data-id=\"4a290f8\" data-element_type=\"widget\" data-e-type=\"widget\" data-widget_type=\"text-editor.default\">\n\t\t\t\t<div class=\"elementor-widget-container\">\n\t\t\t\t\t\t\t\t\t<h3><strong>GOETHE ON DEMAND<\/strong><\/h3>\t\t\t\t\t\t\t\t<\/div>\n\t\t\t\t<\/div>\n\t\t\t\t\t<\/div>\n\t\t<\/div>\n\t\t\t\t\t<\/div>\n\t\t<\/section>\n\t\t\t\t<section class=\"elementor-section elementor-top-section elementor-element elementor-element-f6478dd elementor-section-boxed elementor-section-height-default elementor-section-height-default\" data-id=\"f6478dd\" data-element_type=\"section\" data-e-type=\"section\">\n\t\t\t\t\t\t<div class=\"elementor-container elementor-column-gap-default\">\n\t\t\t\t\t<div class=\"elementor-column elementor-col-100 elementor-top-column elementor-element elementor-element-85115ca\" data-id=\"85115ca\" data-element_type=\"column\" data-e-type=\"column\">\n\t\t\t<div class=\"elementor-widget-wrap elementor-element-populated\">\n\t\t\t\t\t\t<div class=\"elementor-element elementor-element-9a98a39 elementor-widget elementor-widget-text-editor\" data-id=\"9a98a39\" data-element_type=\"widget\" data-e-type=\"widget\" data-widget_type=\"text-editor.default\">\n\t\t\t\t<div class=\"elementor-widget-container\">\n\t\t\t\t\t\t\t\t\t<p>Das Goethe-Institut e.V. ist das weltweit t\u00e4tige Kulturinstitut der Bundesrepublik Deutschland. Wir f\u00f6rdern die Kenntnis der deutschen Sprache im Ausland und pflegen die internationale kulturelle Zusammenarbeit.<\/p><p>Film spielt eine wichtige Rolle in den Kulturprogrammen der 157 Goethe-Institute \u00fcberall auf der Welt. Auf Goethe on Demand, der Streaming-Plattform des Goethe-Instituts, pr\u00e4sentieren wir Online-Filmprogramme f\u00fcr unser Publikum. Das Spektrum reicht von Klassikern bis zu aktuellen Arthouse-Filmen aus Deutschland.<\/p>\t\t\t\t\t\t\t\t<\/div>\n\t\t\t\t<\/div>\n\t\t\t\t\t<\/div>\n\t\t<\/div>\n\t\t\t\t\t<\/div>\n\t\t<\/section>\n\t\t\t\t<section class=\"elementor-section elementor-top-section elementor-element elementor-element-11f629f elementor-section-boxed elementor-section-height-default elementor-section-height-default\" data-id=\"11f629f\" data-element_type=\"section\" data-e-type=\"section\">\n\t\t\t\t\t\t<div class=\"elementor-container elementor-column-gap-default\">\n\t\t\t\t\t<div class=\"elementor-column elementor-col-50 elementor-top-column elementor-element elementor-element-6297373\" data-id=\"6297373\" data-element_type=\"column\" data-e-type=\"column\">\n\t\t\t<div class=\"elementor-widget-wrap elementor-element-populated\">\n\t\t\t\t\t\t<div class=\"elementor-element elementor-element-f3cc679 elementor-widget elementor-widget-text-editor\" data-id=\"f3cc679\" data-element_type=\"widget\" data-e-type=\"widget\" data-widget_type=\"text-editor.default\">\n\t\t\t\t<div class=\"elementor-widget-container\">\n\t\t\t\t\t\t\t\t\t<h5>Eine filmische Reise durch Deutschland<\/h5>\t\t\t\t\t\t\t\t<\/div>\n\t\t\t\t<\/div>\n\t\t\t\t<div class=\"elementor-element elementor-element-ca08923 elementor-widget elementor-widget-text-editor\" data-id=\"ca08923\" data-element_type=\"widget\" data-e-type=\"widget\" data-widget_type=\"text-editor.default\">\n\t\t\t\t<div class=\"elementor-widget-container\">\n\t\t\t\t\t\t\t\t\t<h3>\u00a0<\/h3><h2><a href=\"https:\/\/risse.goethe-on-demand.de\">Risse in der Wirklichkeit<\/a><\/h2><p>Was ist schon real? Als Medium und Kunstform bewegt sich der Film seit jeher zwischen Wirklichkeit und Fiktion. Diese Dualit\u00e4t geht \u00fcber die l\u00e4ngst nicht mehr eindeutig trennbare Grenze von Spiel- und Dokumentarfilm hinaus. Das Spiel mit Schein und Wirklichkeit findet vor allem in der Narration von Spielfilmen Anwendung &#8211; die T\u00e4uschung der Zuschauer*innen wird zum Spannungstr\u00e4ger, zum Ausdruck der seelischen Verfassung der Figuren oder zur filmischen Selbstreflexion.\u00a0<\/p><p>Die Filmreihe RISSE IN DER WIRKLICHKEIT widmet sich jenen Momenten, in denen die fragile Konstruktion von Realit\u00e4t ins Wanken ger\u00e4t. Sie pr\u00e4sentiert Filme, die mit subjektiven Perspektiven, Raum-Zeit-Verzerrungen und surrealen Momenten spielen. Inhaltlich spannt sich das Spektrum von fragmentierten Identit\u00e4ten \u00fcber psychologische Mechanismen, kollektive Irrt\u00fcmer, bis hin zu modernen M\u00e4rchen. Formal findet dies Ausdruck in Mockumentaries, surrealer Bildsprache und bewusst irritierender Narration.<\/p><p>Die St\u00f6rung selbst wird zum Stilmittel und der Riss zur dramaturgischen Setzung.<\/p>\t\t\t\t\t\t\t\t<\/div>\n\t\t\t\t<\/div>\n\t\t\t\t\t<\/div>\n\t\t<\/div>\n\t\t\t\t<div class=\"elementor-column elementor-col-50 elementor-top-column elementor-element elementor-element-5e63488\" data-id=\"5e63488\" data-element_type=\"column\" data-e-type=\"column\">\n\t\t\t<div class=\"elementor-widget-wrap elementor-element-populated\">\n\t\t\t\t\t\t<div class=\"elementor-element elementor-element-83f2486 elementor-widget elementor-widget-image\" data-id=\"83f2486\" data-element_type=\"widget\" data-e-type=\"widget\" data-widget_type=\"image.default\">\n\t\t\t\t<div class=\"elementor-widget-container\">\n\t\t\t\t\t\t\t\t\t\t\t\t\t\t\t\t<a href=\"https:\/\/allesliebe.goethe-on-demand.de\/\">\n\t\t\t\t\t\t\t<img decoding=\"async\" width=\"800\" height=\"1000\" src=\"https:\/\/www.icpa-gz.org.py\/DE\/wp-content\/uploads\/2026\/01\/611597058_1364007719095554_6853085300367627325_n-819x1024.jpg\" class=\"attachment-large size-large wp-image-46452\" alt=\"\" srcset=\"https:\/\/www.icpa-gz.org.py\/DE\/wp-content\/uploads\/2026\/01\/611597058_1364007719095554_6853085300367627325_n-819x1024.jpg 819w, https:\/\/www.icpa-gz.org.py\/DE\/wp-content\/uploads\/2026\/01\/611597058_1364007719095554_6853085300367627325_n-240x300.jpg 240w, https:\/\/www.icpa-gz.org.py\/DE\/wp-content\/uploads\/2026\/01\/611597058_1364007719095554_6853085300367627325_n-768x960.jpg 768w, https:\/\/www.icpa-gz.org.py\/DE\/wp-content\/uploads\/2026\/01\/611597058_1364007719095554_6853085300367627325_n.jpg 1080w\" sizes=\"(max-width: 800px) 100vw, 800px\" \/>\t\t\t\t\t\t\t\t<\/a>\n\t\t\t\t\t\t\t\t\t\t\t\t\t\t\t<\/div>\n\t\t\t\t<\/div>\n\t\t\t\t\t<\/div>\n\t\t<\/div>\n\t\t\t\t\t<\/div>\n\t\t<\/section>\n\t\t\t\t<section class=\"elementor-section elementor-top-section elementor-element elementor-element-f1979cf elementor-section-boxed elementor-section-height-default elementor-section-height-default\" data-id=\"f1979cf\" data-element_type=\"section\" data-e-type=\"section\">\n\t\t\t\t\t\t<div class=\"elementor-container elementor-column-gap-default\">\n\t\t\t\t\t<div class=\"elementor-column elementor-col-100 elementor-top-column elementor-element elementor-element-d263bb8\" data-id=\"d263bb8\" data-element_type=\"column\" data-e-type=\"column\">\n\t\t\t<div class=\"elementor-widget-wrap elementor-element-populated\">\n\t\t\t\t\t\t<div class=\"elementor-element elementor-element-7d70e78 elementor-widget elementor-widget-image\" data-id=\"7d70e78\" data-element_type=\"widget\" data-e-type=\"widget\" data-widget_type=\"image.default\">\n\t\t\t\t<div class=\"elementor-widget-container\">\n\t\t\t\t\t\t\t\t\t\t\t\t\t\t\t\t<a href=\"https:\/\/allesliebe.goethe-on-demand.de\/\">\n\t\t\t\t\t\t\t<img decoding=\"async\" width=\"800\" height=\"348\" src=\"https:\/\/www.icpa-gz.org.py\/DE\/wp-content\/uploads\/2026\/01\/2-1024x445.png\" class=\"attachment-large size-large wp-image-46446\" alt=\"\" srcset=\"https:\/\/www.icpa-gz.org.py\/DE\/wp-content\/uploads\/2026\/01\/2-1024x445.png 1024w, https:\/\/www.icpa-gz.org.py\/DE\/wp-content\/uploads\/2026\/01\/2-300x130.png 300w, https:\/\/www.icpa-gz.org.py\/DE\/wp-content\/uploads\/2026\/01\/2-768x334.png 768w, https:\/\/www.icpa-gz.org.py\/DE\/wp-content\/uploads\/2026\/01\/2.png 1403w\" sizes=\"(max-width: 800px) 100vw, 800px\" \/>\t\t\t\t\t\t\t\t<\/a>\n\t\t\t\t\t\t\t\t\t\t\t\t\t\t\t<\/div>\n\t\t\t\t<\/div>\n\t\t\t\t\t<\/div>\n\t\t<\/div>\n\t\t\t\t\t<\/div>\n\t\t<\/section>\n\t\t\t\t<section class=\"elementor-section elementor-top-section elementor-element elementor-element-5cdadca elementor-section-boxed elementor-section-height-default elementor-section-height-default\" data-id=\"5cdadca\" data-element_type=\"section\" data-e-type=\"section\">\n\t\t\t\t\t\t<div class=\"elementor-container elementor-column-gap-default\">\n\t\t\t\t\t<div class=\"elementor-column elementor-col-100 elementor-top-column elementor-element elementor-element-f0504ae\" data-id=\"f0504ae\" data-element_type=\"column\" data-e-type=\"column\">\n\t\t\t<div class=\"elementor-widget-wrap elementor-element-populated\">\n\t\t\t\t\t\t<div class=\"elementor-element elementor-element-801ce1d elementor-widget elementor-widget-text-editor\" data-id=\"801ce1d\" data-element_type=\"widget\" data-e-type=\"widget\" data-widget_type=\"text-editor.default\">\n\t\t\t\t<div class=\"elementor-widget-container\">\n\t\t\t\t\t\t\t\t\t<h3><strong>VORHERIGE FILMZYKLEN<\/strong><\/h3>\t\t\t\t\t\t\t\t<\/div>\n\t\t\t\t<\/div>\n\t\t\t\t\t<\/div>\n\t\t<\/div>\n\t\t\t\t\t<\/div>\n\t\t<\/section>\n\t\t\t\t<section class=\"elementor-section elementor-top-section elementor-element elementor-element-09f67ad elementor-section-boxed elementor-section-height-default elementor-section-height-default\" data-id=\"09f67ad\" data-element_type=\"section\" data-e-type=\"section\">\n\t\t\t\t\t\t<div class=\"elementor-container elementor-column-gap-default\">\n\t\t\t\t\t<div class=\"elementor-column elementor-col-50 elementor-top-column elementor-element elementor-element-8707762\" data-id=\"8707762\" data-element_type=\"column\" data-e-type=\"column\">\n\t\t\t<div class=\"elementor-widget-wrap elementor-element-populated\">\n\t\t\t\t\t\t<div class=\"elementor-element elementor-element-b2f4d90 elementor-widget elementor-widget-text-editor\" data-id=\"b2f4d90\" data-element_type=\"widget\" data-e-type=\"widget\" data-widget_type=\"text-editor.default\">\n\t\t\t\t<div class=\"elementor-widget-container\">\n\t\t\t\t\t\t\t\t\t<p><img loading=\"lazy\" decoding=\"async\" class=\"aligncenter wp-image-6689 size-full\" src=\"https:\/\/www.icpa-gz.org.py\/DE\/wp-content\/uploads\/2023\/03\/goethe-on-demand_genrefilm_platform-v1-formatkey-jpg-w719.jpg\" alt=\"\" width=\"719\" height=\"313\" srcset=\"https:\/\/www.icpa-gz.org.py\/DE\/wp-content\/uploads\/2023\/03\/goethe-on-demand_genrefilm_platform-v1-formatkey-jpg-w719.jpg 719w, https:\/\/www.icpa-gz.org.py\/DE\/wp-content\/uploads\/2023\/03\/goethe-on-demand_genrefilm_platform-v1-formatkey-jpg-w719-300x131.jpg 300w\" sizes=\"(max-width: 719px) 100vw, 719px\" \/><\/p><p class=\"gi-teaser-hdl-c C-gi-grau-7 M(0) Mb(16px) Fs(22px)\"><strong><span class=\"spitzmarke C-gi-grau-5 Fs(14px) Lh(1.14) Mb(4px)\">Goethe on Demand: 12 Filme aus 4 Genres<\/span><\/strong><\/p><h5 class=\"gi-teaser-hdl-c C-gi-grau-7 M(0) Mb(16px) Fs(22px)\"><a href=\"https:\/\/genrekino.goethe-on-demand.de\"><span class=\"hdl C-gi-grau-7 Fs(22px) Lh(1.272) \">GENREKINO AUS DEUTSCHLAND<\/span><\/a><\/h5>\t\t\t\t\t\t\t\t<\/div>\n\t\t\t\t<\/div>\n\t\t\t\t\t<\/div>\n\t\t<\/div>\n\t\t\t\t<div class=\"elementor-column elementor-col-50 elementor-top-column elementor-element elementor-element-cd92d66\" data-id=\"cd92d66\" data-element_type=\"column\" data-e-type=\"column\">\n\t\t\t<div class=\"elementor-widget-wrap elementor-element-populated\">\n\t\t\t\t\t\t<div class=\"elementor-element elementor-element-0b56206 elementor-widget elementor-widget-text-editor\" data-id=\"0b56206\" data-element_type=\"widget\" data-e-type=\"widget\" data-widget_type=\"text-editor.default\">\n\t\t\t\t<div class=\"elementor-widget-container\">\n\t\t\t\t\t\t\t\t\t<p><img loading=\"lazy\" decoding=\"async\" class=\"aligncenter wp-image-6690 size-large\" src=\"https:\/\/www.icpa-gz.org.py\/DE\/wp-content\/uploads\/2023\/03\/wfhcpyh4a8k25cy3d82o-1024x445.png\" alt=\"\" width=\"800\" height=\"348\" srcset=\"https:\/\/www.icpa-gz.org.py\/DE\/wp-content\/uploads\/2023\/03\/wfhcpyh4a8k25cy3d82o-1024x445.png 1024w, https:\/\/www.icpa-gz.org.py\/DE\/wp-content\/uploads\/2023\/03\/wfhcpyh4a8k25cy3d82o-300x130.png 300w, https:\/\/www.icpa-gz.org.py\/DE\/wp-content\/uploads\/2023\/03\/wfhcpyh4a8k25cy3d82o-768x334.png 768w, https:\/\/www.icpa-gz.org.py\/DE\/wp-content\/uploads\/2023\/03\/wfhcpyh4a8k25cy3d82o.png 1403w\" sizes=\"(max-width: 800px) 100vw, 800px\" \/><\/p><p><strong>Goethe on Demand: Filmreihe zum 20. Jubil\u00e4um der AG Kurzfilm &#8211; Bundesverband Deutscher Kurzfilm [DE\/EN]<\/strong><\/p><h5><a href=\"https:\/\/protagonistinnen.goethe-on-demand.de\/\">PROTAGONISTINNEN<\/a><\/h5>\t\t\t\t\t\t\t\t<\/div>\n\t\t\t\t<\/div>\n\t\t\t\t\t<\/div>\n\t\t<\/div>\n\t\t\t\t\t<\/div>\n\t\t<\/section>\n\t\t\t\t<section class=\"elementor-section elementor-top-section elementor-element elementor-element-5fbab6c elementor-section-boxed elementor-section-height-default elementor-section-height-default\" data-id=\"5fbab6c\" data-element_type=\"section\" data-e-type=\"section\">\n\t\t\t\t\t\t<div class=\"elementor-container elementor-column-gap-default\">\n\t\t\t\t\t<div class=\"elementor-column elementor-col-50 elementor-top-column elementor-element elementor-element-ff234a1\" data-id=\"ff234a1\" data-element_type=\"column\" data-e-type=\"column\">\n\t\t\t<div class=\"elementor-widget-wrap elementor-element-populated\">\n\t\t\t\t\t\t<div class=\"elementor-element elementor-element-0e47a7e elementor-widget elementor-widget-text-editor\" data-id=\"0e47a7e\" data-element_type=\"widget\" data-e-type=\"widget\" data-widget_type=\"text-editor.default\">\n\t\t\t\t<div class=\"elementor-widget-container\">\n\t\t\t\t\t\t\t\t\t<p><img loading=\"lazy\" decoding=\"async\" class=\"aligncenter wp-image-9589\" src=\"https:\/\/www.icpa-gz.org.py\/wp-content\/uploads\/2023\/03\/banner-haus-kino-927x403-formatkey-png-w349.png\" sizes=\"(max-width: 799px) 100vw, 799px\" srcset=\"https:\/\/www.icpa-gz.org.py\/wp-content\/uploads\/2023\/03\/banner-haus-kino-927x403-formatkey-png-w349.png 349w, https:\/\/www.icpa-gz.org.py\/wp-content\/uploads\/2023\/03\/banner-haus-kino-927x403-formatkey-png-w349-300x131.png 300w\" alt=\"\" width=\"799\" height=\"348\" \/><\/p><h5><a href=\"https:\/\/www.icpa-gz.org.py\/haus-kino\/\">HAUS-KINO<\/a><\/h5>\t\t\t\t\t\t\t\t<\/div>\n\t\t\t\t<\/div>\n\t\t\t\t\t<\/div>\n\t\t<\/div>\n\t\t\t\t<div class=\"elementor-column elementor-col-50 elementor-top-column elementor-element elementor-element-4894252\" data-id=\"4894252\" data-element_type=\"column\" data-e-type=\"column\">\n\t\t\t<div class=\"elementor-widget-wrap elementor-element-populated\">\n\t\t\t\t\t\t<div class=\"elementor-element elementor-element-6ea1df4 elementor-widget elementor-widget-text-editor\" data-id=\"6ea1df4\" data-element_type=\"widget\" data-e-type=\"widget\" data-widget_type=\"text-editor.default\">\n\t\t\t\t<div class=\"elementor-widget-container\">\n\t\t\t\t\t\t\t\t\t<p><img loading=\"lazy\" decoding=\"async\" class=\"aligncenter wp-image-9590\" src=\"https:\/\/www.icpa-gz.org.py\/wp-content\/uploads\/2023\/03\/diseno-sin-titulo-12-formatkey-png-w349.png\" sizes=\"(max-width: 800px) 100vw, 800px\" srcset=\"https:\/\/www.icpa-gz.org.py\/wp-content\/uploads\/2023\/03\/diseno-sin-titulo-12-formatkey-png-w349.png 349w, https:\/\/www.icpa-gz.org.py\/wp-content\/uploads\/2023\/03\/diseno-sin-titulo-12-formatkey-png-w349-300x131.png 300w\" alt=\"\" width=\"800\" height=\"348\" \/><\/p><h5><a href=\"https:\/\/www.icpa-gz.org.py\/retrospectiva-jeanine-meerapfel\/\">RETROSPEKTIVE JEANINE MEERAPFEL<\/a><\/h5>\t\t\t\t\t\t\t\t<\/div>\n\t\t\t\t<\/div>\n\t\t\t\t\t<\/div>\n\t\t<\/div>\n\t\t\t\t\t<\/div>\n\t\t<\/section>\n\t\t\t\t<section class=\"elementor-section elementor-top-section elementor-element elementor-element-2896c7d elementor-section-boxed elementor-section-height-default elementor-section-height-default\" data-id=\"2896c7d\" data-element_type=\"section\" data-e-type=\"section\">\n\t\t\t\t\t\t<div class=\"elementor-container elementor-column-gap-default\">\n\t\t\t\t\t<div class=\"elementor-column elementor-col-50 elementor-top-column elementor-element elementor-element-2e53093\" data-id=\"2e53093\" data-element_type=\"column\" data-e-type=\"column\">\n\t\t\t<div class=\"elementor-widget-wrap elementor-element-populated\">\n\t\t\t\t\t\t<div class=\"elementor-element elementor-element-88a2fe3 elementor-widget elementor-widget-text-editor\" data-id=\"88a2fe3\" data-element_type=\"widget\" data-e-type=\"widget\" data-widget_type=\"text-editor.default\">\n\t\t\t\t<div class=\"elementor-widget-container\">\n\t\t\t\t\t\t\t\t\t<p><img loading=\"lazy\" decoding=\"async\" class=\"aligncenter wp-image-6685 size-large\" src=\"https:\/\/www.icpa-gz.org.py\/DE\/wp-content\/uploads\/2023\/03\/eeavidoyuslw9g49krf3-1024x445.png\" alt=\"\" width=\"800\" height=\"348\" srcset=\"https:\/\/www.icpa-gz.org.py\/DE\/wp-content\/uploads\/2023\/03\/eeavidoyuslw9g49krf3-1024x445.png 1024w, https:\/\/www.icpa-gz.org.py\/DE\/wp-content\/uploads\/2023\/03\/eeavidoyuslw9g49krf3-300x130.png 300w, https:\/\/www.icpa-gz.org.py\/DE\/wp-content\/uploads\/2023\/03\/eeavidoyuslw9g49krf3-768x334.png 768w, https:\/\/www.icpa-gz.org.py\/DE\/wp-content\/uploads\/2023\/03\/eeavidoyuslw9g49krf3.png 1403w\" sizes=\"(max-width: 800px) 100vw, 800px\" \/><\/p><h5><a href=\"https:\/\/frequenzen.goethe-on-demand.de\">MY TOUCH MAKES ME VISIBLE!<\/a><\/h5>\t\t\t\t\t\t\t\t<\/div>\n\t\t\t\t<\/div>\n\t\t\t\t\t<\/div>\n\t\t<\/div>\n\t\t\t\t<div class=\"elementor-column elementor-col-50 elementor-top-column elementor-element elementor-element-484e2aa\" data-id=\"484e2aa\" data-element_type=\"column\" data-e-type=\"column\">\n\t\t\t<div class=\"elementor-widget-wrap\">\n\t\t\t\t\t\t\t<\/div>\n\t\t<\/div>\n\t\t\t\t\t<\/div>\n\t\t<\/section>\n\t\t\t\t<\/div>\n\t\t","protected":false},"excerpt":{"rendered":"<p>GOETHE ON DEMAND Das Goethe-Institut e.V. ist das weltweit t\u00e4tige Kulturinstitut der Bundesrepublik Deutschland. Wir f\u00f6rdern die Kenntnis der deutschen<\/p>\n","protected":false},"author":1,"featured_media":0,"parent":0,"menu_order":0,"comment_status":"closed","ping_status":"closed","template":"","meta":{"colormag_page_container_layout":"no_sidebar_full_width","colormag_page_sidebar_layout":"no_sidebar","_joinchat":[],"footnotes":""},"class_list":["post-6682","page","type-page","status-publish","hentry"],"_links":{"self":[{"href":"https:\/\/www.icpa-gz.org.py\/DE\/wp-json\/wp\/v2\/pages\/6682","targetHints":{"allow":["GET"]}}],"collection":[{"href":"https:\/\/www.icpa-gz.org.py\/DE\/wp-json\/wp\/v2\/pages"}],"about":[{"href":"https:\/\/www.icpa-gz.org.py\/DE\/wp-json\/wp\/v2\/types\/page"}],"author":[{"embeddable":true,"href":"https:\/\/www.icpa-gz.org.py\/DE\/wp-json\/wp\/v2\/users\/1"}],"replies":[{"embeddable":true,"href":"https:\/\/www.icpa-gz.org.py\/DE\/wp-json\/wp\/v2\/comments?post=6682"}],"version-history":[{"count":83,"href":"https:\/\/www.icpa-gz.org.py\/DE\/wp-json\/wp\/v2\/pages\/6682\/revisions"}],"predecessor-version":[{"id":46455,"href":"https:\/\/www.icpa-gz.org.py\/DE\/wp-json\/wp\/v2\/pages\/6682\/revisions\/46455"}],"wp:attachment":[{"href":"https:\/\/www.icpa-gz.org.py\/DE\/wp-json\/wp\/v2\/media?parent=6682"}],"curies":[{"name":"wp","href":"https:\/\/api.w.org\/{rel}","templated":true}]}}