{"id":5747,"date":"2022-10-28T16:28:37","date_gmt":"2022-10-28T20:28:37","guid":{"rendered":"https:\/\/www.icpa-gz.org.py\/DE\/?page_id=5747"},"modified":"2025-03-13T17:56:21","modified_gmt":"2025-03-13T20:56:21","slug":"begehung-des-feuchtgebiets","status":"publish","type":"page","link":"https:\/\/www.icpa-gz.org.py\/DE\/begehung-des-feuchtgebiets\/","title":{"rendered":"Begehung des Feuchtgebiets"},"content":{"rendered":"\t\t<div data-elementor-type=\"wp-page\" data-elementor-id=\"5747\" class=\"elementor elementor-5747\">\n\t\t\t\t\t\t<section class=\"elementor-section elementor-top-section elementor-element elementor-element-3533775 elementor-section-boxed elementor-section-height-default elementor-section-height-default\" data-id=\"3533775\" data-element_type=\"section\" data-e-type=\"section\">\n\t\t\t\t\t\t<div class=\"elementor-container elementor-column-gap-default\">\n\t\t\t\t\t<div class=\"elementor-column elementor-col-100 elementor-top-column elementor-element elementor-element-90435db\" data-id=\"90435db\" data-element_type=\"column\" data-e-type=\"column\">\n\t\t\t<div class=\"elementor-widget-wrap elementor-element-populated\">\n\t\t\t\t\t\t<div class=\"elementor-element elementor-element-6c81048 elementor-widget elementor-widget-image\" data-id=\"6c81048\" data-element_type=\"widget\" data-e-type=\"widget\" data-widget_type=\"image.default\">\n\t\t\t\t<div class=\"elementor-widget-container\">\n\t\t\t\t\t\t\t\t\t\t\t\t\t\t\t<img fetchpriority=\"high\" decoding=\"async\" width=\"1024\" height=\"1024\" src=\"https:\/\/www.icpa-gz.org.py\/DE\/wp-content\/uploads\/2023\/03\/CaminarHumedal_Podcast-1-1024x1024_sinEp-1024x1024.gif\" class=\"attachment-large size-large wp-image-6674\" alt=\"\" srcset=\"https:\/\/www.icpa-gz.org.py\/DE\/wp-content\/uploads\/2023\/03\/CaminarHumedal_Podcast-1-1024x1024_sinEp-1024x1024.gif 1024w, https:\/\/www.icpa-gz.org.py\/DE\/wp-content\/uploads\/2023\/03\/CaminarHumedal_Podcast-1-1024x1024_sinEp-300x300.gif 300w, https:\/\/www.icpa-gz.org.py\/DE\/wp-content\/uploads\/2023\/03\/CaminarHumedal_Podcast-1-1024x1024_sinEp-150x150.gif 150w, https:\/\/www.icpa-gz.org.py\/DE\/wp-content\/uploads\/2023\/03\/CaminarHumedal_Podcast-1-1024x1024_sinEp-768x768.gif 768w\" sizes=\"(max-width: 1024px) 100vw, 1024px\" \/>\t\t\t\t\t\t\t\t\t\t\t\t\t\t\t<\/div>\n\t\t\t\t<\/div>\n\t\t\t\t\t<\/div>\n\t\t<\/div>\n\t\t\t\t\t<\/div>\n\t\t<\/section>\n\t\t\t\t<section class=\"elementor-section elementor-top-section elementor-element elementor-element-0517d79 elementor-section-boxed elementor-section-height-default elementor-section-height-default\" data-id=\"0517d79\" data-element_type=\"section\" data-e-type=\"section\">\n\t\t\t\t\t\t<div class=\"elementor-container elementor-column-gap-default\">\n\t\t\t\t\t<div class=\"elementor-column elementor-col-100 elementor-top-column elementor-element elementor-element-95adcab\" data-id=\"95adcab\" data-element_type=\"column\" data-e-type=\"column\">\n\t\t\t<div class=\"elementor-widget-wrap elementor-element-populated\">\n\t\t\t\t\t\t<div class=\"elementor-element elementor-element-8d8491d elementor-widget elementor-widget-text-editor\" data-id=\"8d8491d\" data-element_type=\"widget\" data-e-type=\"widget\" data-widget_type=\"text-editor.default\">\n\t\t\t\t<div class=\"elementor-widget-container\">\n\t\t\t\t\t\t\t\t\t<p><strong>Begehung des Feuchtgebiets: Costanera von Asunci\u00f3n, urbane Feuchtgebiete<\/strong><\/p><p>Wir begehen die st\u00e4dtischen Feuchtgebiete von Asunci\u00f3n im Rahmen einer wissenschaftlichen und kulturellen Tour, die darauf abzielt, diese \u00d6kosysteme zu entdecken und durch praktische Erfahrung sichtbar zu machen, indem wir die Methode des Gehens nutzen, um die Welt zu entdecken. In diesen drei Folgen wandern wir entlang der Costanera von Asunci\u00f3n und den Lagunensystemen, die Teil des \u00d6kologischen Reservats Banco San Miguel und der Bucht von Asunci\u00f3n sind.<\/p><p>Caminar el Humedal wird von der Agencia de Innovaci\u00f3n Urbana und Cuarto Mundo mit Unterst\u00fctzung des Goethe-Instituts durch das paraguayisch-deutsche Kulturinstitut &#8211; Goethe-Zentrum produziert. Niqo Martinez und Cecilia Martinez sind f\u00fcr das Voice-over verantwortlich. Die Drehb\u00fccher stammen von F\u00e1tima Aguilar. Mit Tonbearbeitung von Octavio Linares. Und unter besonderer Beteiligung der Architektin und Stadtplanerin Mar\u00eda Paz Gill und des Biologen und Wasserspezialisten Federico Montedomec.<\/p>\t\t\t\t\t\t\t\t<\/div>\n\t\t\t\t<\/div>\n\t\t\t\t\t<\/div>\n\t\t<\/div>\n\t\t\t\t\t<\/div>\n\t\t<\/section>\n\t\t\t\t<section class=\"elementor-section elementor-top-section elementor-element elementor-element-c487235 elementor-section-boxed elementor-section-height-default elementor-section-height-default\" data-id=\"c487235\" data-element_type=\"section\" data-e-type=\"section\">\n\t\t\t\t\t\t<div class=\"elementor-container elementor-column-gap-default\">\n\t\t\t\t\t<div class=\"elementor-column elementor-col-33 elementor-top-column elementor-element elementor-element-7b542ed\" data-id=\"7b542ed\" data-element_type=\"column\" data-e-type=\"column\">\n\t\t\t<div class=\"elementor-widget-wrap elementor-element-populated\">\n\t\t\t\t\t\t<div class=\"elementor-element elementor-element-31d46b5 elementor-widget elementor-widget-text-editor\" data-id=\"31d46b5\" data-element_type=\"widget\" data-e-type=\"widget\" data-widget_type=\"text-editor.default\">\n\t\t\t\t<div class=\"elementor-widget-container\">\n\t\t\t\t\t\t\t\t\t<p><strong>Ep. 1<\/strong><\/p><ul><li><a href=\"https:\/\/www.spoti.fi\/3UmLpPn\"><strong>Spotify<\/strong><\/a><\/li><li><a href=\"https:\/\/go.ivoox.com\/rf\/105093934\"><strong>ivoox<\/strong><\/a><\/li><\/ul>\t\t\t\t\t\t\t\t<\/div>\n\t\t\t\t<\/div>\n\t\t\t\t\t<\/div>\n\t\t<\/div>\n\t\t\t\t<div class=\"elementor-column elementor-col-33 elementor-top-column elementor-element elementor-element-41647fc\" data-id=\"41647fc\" data-element_type=\"column\" data-e-type=\"column\">\n\t\t\t<div class=\"elementor-widget-wrap elementor-element-populated\">\n\t\t\t\t\t\t<div class=\"elementor-element elementor-element-45690b7 elementor-widget elementor-widget-text-editor\" data-id=\"45690b7\" data-element_type=\"widget\" data-e-type=\"widget\" data-widget_type=\"text-editor.default\">\n\t\t\t\t<div class=\"elementor-widget-container\">\n\t\t\t\t\t\t\t\t\t<p><strong>Ep. 2<\/strong><\/p><ul><li><a href=\"https:\/\/open.spotify.com\/episode\/6fj3PWcJbJA30jKrFePNFr\"><strong>Spotify<\/strong><\/a><\/li><li><a href=\"https:\/\/www.ivoox.com\/caminar-humedal-costanera-asuncion-humedales-urbanos-audios-mp3_rf_105093985_1.html\"><strong>ivoox<\/strong><\/a><\/li><\/ul>\t\t\t\t\t\t\t\t<\/div>\n\t\t\t\t<\/div>\n\t\t\t\t\t<\/div>\n\t\t<\/div>\n\t\t\t\t<div class=\"elementor-column elementor-col-33 elementor-top-column elementor-element elementor-element-225edb8\" data-id=\"225edb8\" data-element_type=\"column\" data-e-type=\"column\">\n\t\t\t<div class=\"elementor-widget-wrap elementor-element-populated\">\n\t\t\t\t\t\t<div class=\"elementor-element elementor-element-201b2ee elementor-widget elementor-widget-text-editor\" data-id=\"201b2ee\" data-element_type=\"widget\" data-e-type=\"widget\" data-widget_type=\"text-editor.default\">\n\t\t\t\t<div class=\"elementor-widget-container\">\n\t\t\t\t\t\t\t\t\t<p><strong>Ep. 3<\/strong><\/p><ul><li><a href=\"https:\/\/open.spotify.com\/episode\/0ghoJPy7hNUxn3WK5jWMo7\"><strong>Spotify<\/strong><\/a><\/li><li><a href=\"https:\/\/www.ivoox.com\/caminar-humedal-costanera-asuncion-humedales-urbanos-audios-mp3_rf_105094068_1.html\"><strong>ivoox<\/strong><\/a><\/li><\/ul>\t\t\t\t\t\t\t\t<\/div>\n\t\t\t\t<\/div>\n\t\t\t\t\t<\/div>\n\t\t<\/div>\n\t\t\t\t\t<\/div>\n\t\t<\/section>\n\t\t\t\t<\/div>\n\t\t","protected":false},"excerpt":{"rendered":"<p>Begehung des Feuchtgebiets: Costanera von Asunci\u00f3n, urbane Feuchtgebiete Wir begehen die st\u00e4dtischen Feuchtgebiete von Asunci\u00f3n im Rahmen einer wissenschaftlichen und<\/p>\n","protected":false},"author":1,"featured_media":0,"parent":0,"menu_order":0,"comment_status":"closed","ping_status":"closed","template":"","meta":{"colormag_page_container_layout":"no_sidebar_full_width","colormag_page_sidebar_layout":"no_sidebar","_joinchat":[],"footnotes":""},"class_list":["post-5747","page","type-page","status-publish","hentry"],"_links":{"self":[{"href":"https:\/\/www.icpa-gz.org.py\/DE\/wp-json\/wp\/v2\/pages\/5747","targetHints":{"allow":["GET"]}}],"collection":[{"href":"https:\/\/www.icpa-gz.org.py\/DE\/wp-json\/wp\/v2\/pages"}],"about":[{"href":"https:\/\/www.icpa-gz.org.py\/DE\/wp-json\/wp\/v2\/types\/page"}],"author":[{"embeddable":true,"href":"https:\/\/www.icpa-gz.org.py\/DE\/wp-json\/wp\/v2\/users\/1"}],"replies":[{"embeddable":true,"href":"https:\/\/www.icpa-gz.org.py\/DE\/wp-json\/wp\/v2\/comments?post=5747"}],"version-history":[{"count":27,"href":"https:\/\/www.icpa-gz.org.py\/DE\/wp-json\/wp\/v2\/pages\/5747\/revisions"}],"predecessor-version":[{"id":39652,"href":"https:\/\/www.icpa-gz.org.py\/DE\/wp-json\/wp\/v2\/pages\/5747\/revisions\/39652"}],"wp:attachment":[{"href":"https:\/\/www.icpa-gz.org.py\/DE\/wp-json\/wp\/v2\/media?parent=5747"}],"curies":[{"name":"wp","href":"https:\/\/api.w.org\/{rel}","templated":true}]}}