{"id":39111,"date":"2025-02-13T17:24:46","date_gmt":"2025-02-13T20:24:46","guid":{"rendered":"https:\/\/www.icpa-gz.org.py\/DE\/?page_id=39111"},"modified":"2025-03-11T15:32:09","modified_gmt":"2025-03-11T18:32:09","slug":"elementor-39111","status":"publish","type":"page","link":"https:\/\/www.icpa-gz.org.py\/DE\/elementor-39111\/","title":{"rendered":"Studiengang Deutsch als Fremdsprache"},"content":{"rendered":"\t\t<div data-elementor-type=\"wp-page\" data-elementor-id=\"39111\" class=\"elementor elementor-39111\">\n\t\t\t\t\t\t<section class=\"elementor-section elementor-top-section elementor-element elementor-element-808b056 elementor-section-boxed elementor-section-height-default elementor-section-height-default\" data-id=\"808b056\" data-element_type=\"section\" data-e-type=\"section\">\n\t\t\t\t\t\t<div class=\"elementor-container elementor-column-gap-default\">\n\t\t\t\t\t<div class=\"elementor-column elementor-col-100 elementor-top-column elementor-element elementor-element-7520ea8\" data-id=\"7520ea8\" data-element_type=\"column\" data-e-type=\"column\">\n\t\t\t<div class=\"elementor-widget-wrap elementor-element-populated\">\n\t\t\t\t\t\t<div class=\"elementor-element elementor-element-7098f6e elementor-widget elementor-widget-image\" data-id=\"7098f6e\" data-element_type=\"widget\" data-e-type=\"widget\" data-widget_type=\"image.default\">\n\t\t\t\t<div class=\"elementor-widget-container\">\n\t\t\t\t\t\t\t\t\t\t\t\t\t\t\t<img fetchpriority=\"high\" decoding=\"async\" width=\"800\" height=\"384\" src=\"https:\/\/www.icpa-gz.org.py\/DE\/wp-content\/uploads\/2025\/02\/BannerProfe-1024x492.png\" class=\"attachment-large size-large wp-image-39137\" alt=\"\" srcset=\"https:\/\/www.icpa-gz.org.py\/DE\/wp-content\/uploads\/2025\/02\/BannerProfe-1024x492.png 1024w, https:\/\/www.icpa-gz.org.py\/DE\/wp-content\/uploads\/2025\/02\/BannerProfe-300x144.png 300w, https:\/\/www.icpa-gz.org.py\/DE\/wp-content\/uploads\/2025\/02\/BannerProfe-768x369.png 768w, https:\/\/www.icpa-gz.org.py\/DE\/wp-content\/uploads\/2025\/02\/BannerProfe-1536x738.png 1536w, https:\/\/www.icpa-gz.org.py\/DE\/wp-content\/uploads\/2025\/02\/BannerProfe-2048x984.png 2048w\" sizes=\"(max-width: 800px) 100vw, 800px\" \/>\t\t\t\t\t\t\t\t\t\t\t\t\t\t\t<\/div>\n\t\t\t\t<\/div>\n\t\t\t\t\t<\/div>\n\t\t<\/div>\n\t\t\t\t\t<\/div>\n\t\t<\/section>\n\t\t\t\t<section class=\"elementor-section elementor-top-section elementor-element elementor-element-a29363a elementor-section-boxed elementor-section-height-default elementor-section-height-default\" data-id=\"a29363a\" data-element_type=\"section\" data-e-type=\"section\">\n\t\t\t\t\t\t<div class=\"elementor-container elementor-column-gap-default\">\n\t\t\t\t\t<div class=\"elementor-column elementor-col-100 elementor-top-column elementor-element elementor-element-9766092\" data-id=\"9766092\" data-element_type=\"column\" data-e-type=\"column\">\n\t\t\t<div class=\"elementor-widget-wrap elementor-element-populated\">\n\t\t\t\t\t\t<div class=\"elementor-element elementor-element-cc422b4 elementor-widget elementor-widget-heading\" data-id=\"cc422b4\" data-element_type=\"widget\" data-e-type=\"widget\" data-widget_type=\"heading.default\">\n\t\t\t\t<div class=\"elementor-widget-container\">\n\t\t\t\t\t<h2 class=\"elementor-heading-title elementor-size-default\">Universidad Nacional de Asunci\u00f3n\n<\/h2>\t\t\t\t<\/div>\n\t\t\t\t<\/div>\n\t\t\t\t\t<\/div>\n\t\t<\/div>\n\t\t\t\t\t<\/div>\n\t\t<\/section>\n\t\t\t\t<section class=\"elementor-section elementor-top-section elementor-element elementor-element-002ad21 elementor-section-boxed elementor-section-height-default elementor-section-height-default\" data-id=\"002ad21\" data-element_type=\"section\" data-e-type=\"section\">\n\t\t\t\t\t\t<div class=\"elementor-container elementor-column-gap-default\">\n\t\t\t\t\t<div class=\"elementor-column elementor-col-100 elementor-top-column elementor-element elementor-element-4efdbd9\" data-id=\"4efdbd9\" data-element_type=\"column\" data-e-type=\"column\">\n\t\t\t<div class=\"elementor-widget-wrap elementor-element-populated\">\n\t\t\t\t\t\t<div class=\"elementor-element elementor-element-f918531 elementor-widget elementor-widget-heading\" data-id=\"f918531\" data-element_type=\"widget\" data-e-type=\"widget\" data-widget_type=\"heading.default\">\n\t\t\t\t<div class=\"elementor-widget-container\">\n\t\t\t\t\t<h2 class=\"elementor-heading-title elementor-size-default\">Instituto Superior de Lenguas<\/h2>\t\t\t\t<\/div>\n\t\t\t\t<\/div>\n\t\t\t\t\t<\/div>\n\t\t<\/div>\n\t\t\t\t\t<\/div>\n\t\t<\/section>\n\t\t\t\t<section class=\"elementor-section elementor-top-section elementor-element elementor-element-9623336 elementor-section-boxed elementor-section-height-default elementor-section-height-default\" data-id=\"9623336\" data-element_type=\"section\" data-e-type=\"section\">\n\t\t\t\t\t\t<div class=\"elementor-container elementor-column-gap-default\">\n\t\t\t\t\t<div class=\"elementor-column elementor-col-100 elementor-top-column elementor-element elementor-element-90ec44b\" data-id=\"90ec44b\" data-element_type=\"column\" data-e-type=\"column\">\n\t\t\t<div class=\"elementor-widget-wrap elementor-element-populated\">\n\t\t\t\t\t\t<div class=\"elementor-element elementor-element-b574f94 elementor-widget elementor-widget-heading\" data-id=\"b574f94\" data-element_type=\"widget\" data-e-type=\"widget\" data-widget_type=\"heading.default\">\n\t\t\t\t<div class=\"elementor-widget-container\">\n\t\t\t\t\t<h2 class=\"elementor-heading-title elementor-size-default\">Studiengang Deutsch als Fremdsprache<\/h2>\t\t\t\t<\/div>\n\t\t\t\t<\/div>\n\t\t\t\t\t<\/div>\n\t\t<\/div>\n\t\t\t\t\t<\/div>\n\t\t<\/section>\n\t\t\t\t<section class=\"elementor-section elementor-top-section elementor-element elementor-element-00fefa8 elementor-section-boxed elementor-section-height-default elementor-section-height-default\" data-id=\"00fefa8\" data-element_type=\"section\" data-e-type=\"section\">\n\t\t\t\t\t\t<div class=\"elementor-container elementor-column-gap-default\">\n\t\t\t\t\t<div class=\"elementor-column elementor-col-100 elementor-top-column elementor-element elementor-element-6cf0182\" data-id=\"6cf0182\" data-element_type=\"column\" data-e-type=\"column\">\n\t\t\t<div class=\"elementor-widget-wrap elementor-element-populated\">\n\t\t\t\t\t\t<div class=\"elementor-element elementor-element-f6622d6 elementor-widget elementor-widget-text-editor\" data-id=\"f6622d6\" data-element_type=\"widget\" data-e-type=\"widget\" data-widget_type=\"text-editor.default\">\n\t\t\t\t<div class=\"elementor-widget-container\">\n\t\t\t\t\t\t\t\t\t<p>Dieser Studiengang findet im Hybridformat statt und wird vom <strong>Instituto Superior de Lenguas, das von der Philosophischen Fakult\u00e4t der Nationale Universit\u00e4t von Asunci\u00f3n<\/strong> abh\u00e4ngig ist durchgef\u00fchrt.<\/p><p><strong>Dauer: 4 Jahre und Abschlussarbeit<\/strong><\/p><p><strong>Titel: Bachelorabschluss in DaF<\/strong><\/p>\t\t\t\t\t\t\t\t<\/div>\n\t\t\t\t<\/div>\n\t\t\t\t\t<\/div>\n\t\t<\/div>\n\t\t\t\t\t<\/div>\n\t\t<\/section>\n\t\t\t\t<section class=\"elementor-section elementor-top-section elementor-element elementor-element-fc2d267 elementor-section-boxed elementor-section-height-default elementor-section-height-default\" data-id=\"fc2d267\" data-element_type=\"section\" data-e-type=\"section\">\n\t\t\t\t\t\t<div class=\"elementor-container elementor-column-gap-default\">\n\t\t\t\t\t<div class=\"elementor-column elementor-col-100 elementor-top-column elementor-element elementor-element-5a26d76\" data-id=\"5a26d76\" data-element_type=\"column\" data-e-type=\"column\">\n\t\t\t<div class=\"elementor-widget-wrap elementor-element-populated\">\n\t\t\t\t\t\t<div class=\"elementor-element elementor-element-a59f540 elementor-widget elementor-widget-image\" data-id=\"a59f540\" data-element_type=\"widget\" data-e-type=\"widget\" data-widget_type=\"image.default\">\n\t\t\t\t<div class=\"elementor-widget-container\">\n\t\t\t\t\t\t\t\t\t\t\t\t\t\t\t<img decoding=\"async\" width=\"683\" height=\"1024\" src=\"https:\/\/www.icpa-gz.org.py\/DE\/wp-content\/uploads\/2025\/03\/ICPA_VolanteEstudiarAleman-005.pdf-1-683x1024.jpg\" class=\"attachment-large size-large wp-image-39594\" alt=\"\" srcset=\"https:\/\/www.icpa-gz.org.py\/DE\/wp-content\/uploads\/2025\/03\/ICPA_VolanteEstudiarAleman-005.pdf-1-683x1024.jpg 683w, https:\/\/www.icpa-gz.org.py\/DE\/wp-content\/uploads\/2025\/03\/ICPA_VolanteEstudiarAleman-005.pdf-1-200x300.jpg 200w, https:\/\/www.icpa-gz.org.py\/DE\/wp-content\/uploads\/2025\/03\/ICPA_VolanteEstudiarAleman-005.pdf-1-768x1151.jpg 768w, https:\/\/www.icpa-gz.org.py\/DE\/wp-content\/uploads\/2025\/03\/ICPA_VolanteEstudiarAleman-005.pdf-1-1025x1536.jpg 1025w, https:\/\/www.icpa-gz.org.py\/DE\/wp-content\/uploads\/2025\/03\/ICPA_VolanteEstudiarAleman-005.pdf-1.jpg 1334w\" sizes=\"(max-width: 683px) 100vw, 683px\" \/>\t\t\t\t\t\t\t\t\t\t\t\t\t\t\t<\/div>\n\t\t\t\t<\/div>\n\t\t\t\t\t<\/div>\n\t\t<\/div>\n\t\t\t\t\t<\/div>\n\t\t<\/section>\n\t\t\t\t<section class=\"elementor-section elementor-top-section elementor-element elementor-element-e9c310e elementor-section-boxed elementor-section-height-default elementor-section-height-default\" data-id=\"e9c310e\" data-element_type=\"section\" data-e-type=\"section\">\n\t\t\t\t\t\t<div class=\"elementor-container elementor-column-gap-default\">\n\t\t\t\t\t<div class=\"elementor-column elementor-col-100 elementor-top-column elementor-element elementor-element-ea95494\" data-id=\"ea95494\" data-element_type=\"column\" data-e-type=\"column\">\n\t\t\t<div class=\"elementor-widget-wrap elementor-element-populated\">\n\t\t\t\t\t\t<div class=\"elementor-element elementor-element-0431996 elementor-widget elementor-widget-video\" data-id=\"0431996\" data-element_type=\"widget\" data-e-type=\"widget\" data-settings=\"{&quot;youtube_url&quot;:&quot;https:\\\/\\\/youtu.be\\\/ZtGCeZc_wAY?si=-mrdcpHCVRj6XYjN&quot;,&quot;video_type&quot;:&quot;youtube&quot;,&quot;controls&quot;:&quot;yes&quot;}\" data-widget_type=\"video.default\">\n\t\t\t\t<div class=\"elementor-widget-container\">\n\t\t\t\t\t\t\t<div class=\"elementor-wrapper elementor-open-inline\">\n\t\t\t<div class=\"elementor-video\"><\/div>\t\t<\/div>\n\t\t\t\t\t\t<\/div>\n\t\t\t\t<\/div>\n\t\t\t\t\t<\/div>\n\t\t<\/div>\n\t\t\t\t\t<\/div>\n\t\t<\/section>\n\t\t\t\t<\/div>\n\t\t","protected":false},"excerpt":{"rendered":"<p>Universidad Nacional de Asunci\u00f3n Instituto Superior de Lenguas Studiengang Deutsch als Fremdsprache Dieser Studiengang findet im Hybridformat statt und wird<\/p>\n","protected":false},"author":1,"featured_media":0,"parent":0,"menu_order":0,"comment_status":"closed","ping_status":"closed","template":"","meta":{"colormag_page_container_layout":"default_layout","colormag_page_sidebar_layout":"default_layout","_joinchat":[],"footnotes":""},"class_list":["post-39111","page","type-page","status-publish","hentry"],"_links":{"self":[{"href":"https:\/\/www.icpa-gz.org.py\/DE\/wp-json\/wp\/v2\/pages\/39111","targetHints":{"allow":["GET"]}}],"collection":[{"href":"https:\/\/www.icpa-gz.org.py\/DE\/wp-json\/wp\/v2\/pages"}],"about":[{"href":"https:\/\/www.icpa-gz.org.py\/DE\/wp-json\/wp\/v2\/types\/page"}],"author":[{"embeddable":true,"href":"https:\/\/www.icpa-gz.org.py\/DE\/wp-json\/wp\/v2\/users\/1"}],"replies":[{"embeddable":true,"href":"https:\/\/www.icpa-gz.org.py\/DE\/wp-json\/wp\/v2\/comments?post=39111"}],"version-history":[{"count":14,"href":"https:\/\/www.icpa-gz.org.py\/DE\/wp-json\/wp\/v2\/pages\/39111\/revisions"}],"predecessor-version":[{"id":39597,"href":"https:\/\/www.icpa-gz.org.py\/DE\/wp-json\/wp\/v2\/pages\/39111\/revisions\/39597"}],"wp:attachment":[{"href":"https:\/\/www.icpa-gz.org.py\/DE\/wp-json\/wp\/v2\/media?parent=39111"}],"curies":[{"name":"wp","href":"https:\/\/api.w.org\/{rel}","templated":true}]}}