{"id":14849,"date":"2023-11-23T18:16:37","date_gmt":"2023-11-23T21:16:37","guid":{"rendered":"https:\/\/www.icpa-gz.org.py\/DE\/?page_id=14849"},"modified":"2023-11-23T18:30:26","modified_gmt":"2023-11-23T21:30:26","slug":"kooperationsvereinbarung","status":"publish","type":"page","link":"https:\/\/www.icpa-gz.org.py\/DE\/kooperationsvereinbarung\/","title":{"rendered":"Kooperationsvereinbarung"},"content":{"rendered":"\t\t<div data-elementor-type=\"wp-page\" data-elementor-id=\"14849\" class=\"elementor elementor-14849\">\n\t\t\t\t\t\t<section class=\"elementor-section elementor-top-section elementor-element elementor-element-8521af5 elementor-section-boxed elementor-section-height-default elementor-section-height-default\" data-id=\"8521af5\" data-element_type=\"section\" data-e-type=\"section\">\n\t\t\t\t\t\t<div class=\"elementor-container elementor-column-gap-default\">\n\t\t\t\t\t<div class=\"elementor-column elementor-col-100 elementor-top-column elementor-element elementor-element-1251566\" data-id=\"1251566\" data-element_type=\"column\" data-e-type=\"column\">\n\t\t\t<div class=\"elementor-widget-wrap elementor-element-populated\">\n\t\t\t\t\t\t<div class=\"elementor-element elementor-element-f2f3caa elementor-widget elementor-widget-image\" data-id=\"f2f3caa\" data-element_type=\"widget\" data-e-type=\"widget\" data-widget_type=\"image.default\">\n\t\t\t\t<div class=\"elementor-widget-container\">\n\t\t\t\t\t\t\t\t\t\t\t\t\t\t\t<img fetchpriority=\"high\" decoding=\"async\" width=\"800\" height=\"493\" src=\"https:\/\/www.icpa-gz.org.py\/DE\/wp-content\/uploads\/2023\/11\/ICPA_Ausen-1024x631-1.jpg\" class=\"attachment-large size-large wp-image-14679\" alt=\"\" srcset=\"https:\/\/www.icpa-gz.org.py\/DE\/wp-content\/uploads\/2023\/11\/ICPA_Ausen-1024x631-1.jpg 1024w, https:\/\/www.icpa-gz.org.py\/DE\/wp-content\/uploads\/2023\/11\/ICPA_Ausen-1024x631-1-300x185.jpg 300w, https:\/\/www.icpa-gz.org.py\/DE\/wp-content\/uploads\/2023\/11\/ICPA_Ausen-1024x631-1-768x473.jpg 768w\" sizes=\"(max-width: 800px) 100vw, 800px\" \/>\t\t\t\t\t\t\t\t\t\t\t\t\t\t\t<\/div>\n\t\t\t\t<\/div>\n\t\t\t\t\t<\/div>\n\t\t<\/div>\n\t\t\t\t\t<\/div>\n\t\t<\/section>\n\t\t\t\t<section class=\"elementor-section elementor-top-section elementor-element elementor-element-7b972e9 elementor-section-boxed elementor-section-height-default elementor-section-height-default\" data-id=\"7b972e9\" data-element_type=\"section\" data-e-type=\"section\">\n\t\t\t\t\t\t<div class=\"elementor-container elementor-column-gap-default\">\n\t\t\t\t\t<div class=\"elementor-column elementor-col-100 elementor-top-column elementor-element elementor-element-2b7c3c8\" data-id=\"2b7c3c8\" data-element_type=\"column\" data-e-type=\"column\">\n\t\t\t<div class=\"elementor-widget-wrap elementor-element-populated\">\n\t\t\t\t\t\t<div class=\"elementor-element elementor-element-59d81d7 elementor-widget elementor-widget-text-editor\" data-id=\"59d81d7\" data-element_type=\"widget\" data-e-type=\"widget\" data-widget_type=\"text-editor.default\">\n\t\t\t\t<div class=\"elementor-widget-container\">\n\t\t\t\t\t\t\t\t\t<h3>Lassen Sie uns kooperieren!<\/h3>\t\t\t\t\t\t\t\t<\/div>\n\t\t\t\t<\/div>\n\t\t\t\t\t<\/div>\n\t\t<\/div>\n\t\t\t\t\t<\/div>\n\t\t<\/section>\n\t\t\t\t<section class=\"elementor-section elementor-top-section elementor-element elementor-element-93f62a5 elementor-section-boxed elementor-section-height-default elementor-section-height-default\" data-id=\"93f62a5\" data-element_type=\"section\" data-e-type=\"section\">\n\t\t\t\t\t\t<div class=\"elementor-container elementor-column-gap-default\">\n\t\t\t\t\t<div class=\"elementor-column elementor-col-50 elementor-top-column elementor-element elementor-element-be8fe56\" data-id=\"be8fe56\" data-element_type=\"column\" data-e-type=\"column\">\n\t\t\t<div class=\"elementor-widget-wrap elementor-element-populated\">\n\t\t\t\t\t\t<div class=\"elementor-element elementor-element-cccc1ea elementor-widget elementor-widget-text-editor\" data-id=\"cccc1ea\" data-element_type=\"widget\" data-e-type=\"widget\" data-widget_type=\"text-editor.default\">\n\t\t\t\t<div class=\"elementor-widget-container\">\n\t\t\t\t\t\t\t\t\t<p>Um uns bestm\u00f6glich zu vernetzen arbeiten wir in st\u00e4ndiger Kommunikation mit der deutschen Botschaft, deutschen Wirtschafts-, Kultur- und Bildungseinrichtungen und mit der Unterst\u00fctzung des Goethe-Instituts. Dieses ist die Kultureinrichtung der Bundesrepublik Deutschland und hat Niederlassungen in aller Welt. Seine Hauptziele sind die Verbreitung der deutschen Sprache im Ausland und die F\u00f6rderung des internationalen Kulturaustausches und der internationalen Zusammenarbeit.<\/p>\t\t\t\t\t\t\t\t<\/div>\n\t\t\t\t<\/div>\n\t\t\t\t\t<\/div>\n\t\t<\/div>\n\t\t\t\t<div class=\"elementor-column elementor-col-50 elementor-top-column elementor-element elementor-element-a9854c1\" data-id=\"a9854c1\" data-element_type=\"column\" data-e-type=\"column\">\n\t\t\t<div class=\"elementor-widget-wrap elementor-element-populated\">\n\t\t\t\t\t\t<div class=\"elementor-element elementor-element-96f2717 elementor-widget elementor-widget-image\" data-id=\"96f2717\" data-element_type=\"widget\" data-e-type=\"widget\" data-widget_type=\"image.default\">\n\t\t\t\t<div class=\"elementor-widget-container\">\n\t\t\t\t\t\t\t\t\t\t\t\t<figure class=\"wp-caption\">\n\t\t\t\t\t\t\t\t\t\t\t<a href=\"https:\/\/www.amanecer.com.py\/home.php\">\n\t\t\t\t\t\t\t<img decoding=\"async\" width=\"150\" height=\"150\" src=\"https:\/\/www.icpa-gz.org.py\/DE\/wp-content\/uploads\/2021\/04\/logo1-150x150.png\" class=\"attachment-thumbnail size-thumbnail wp-image-1458\" alt=\"\" srcset=\"https:\/\/www.icpa-gz.org.py\/DE\/wp-content\/uploads\/2021\/04\/logo1-150x150.png 150w, https:\/\/www.icpa-gz.org.py\/DE\/wp-content\/uploads\/2021\/04\/logo1-300x300.png 300w, https:\/\/www.icpa-gz.org.py\/DE\/wp-content\/uploads\/2021\/04\/logo1.png 400w\" sizes=\"(max-width: 150px) 100vw, 150px\" \/>\t\t\t\t\t\t\t\t<\/a>\n\t\t\t\t\t\t\t\t\t\t\t<figcaption class=\"widget-image-caption wp-caption-text\"><\/figcaption>\n\t\t\t\t\t\t\t\t\t\t<\/figure>\n\t\t\t\t\t\t\t\t\t<\/div>\n\t\t\t\t<\/div>\n\t\t\t\t\t<\/div>\n\t\t<\/div>\n\t\t\t\t\t<\/div>\n\t\t<\/section>\n\t\t\t\t<section class=\"elementor-section elementor-top-section elementor-element elementor-element-d17792f elementor-reverse-mobile elementor-section-boxed elementor-section-height-default elementor-section-height-default\" data-id=\"d17792f\" data-element_type=\"section\" data-e-type=\"section\">\n\t\t\t\t\t\t<div class=\"elementor-container elementor-column-gap-default\">\n\t\t\t\t\t<div class=\"elementor-column elementor-col-50 elementor-top-column elementor-element elementor-element-917cbfa\" data-id=\"917cbfa\" data-element_type=\"column\" data-e-type=\"column\">\n\t\t\t<div class=\"elementor-widget-wrap elementor-element-populated\">\n\t\t\t\t\t\t<div class=\"elementor-element elementor-element-213469f elementor-widget elementor-widget-image\" data-id=\"213469f\" data-element_type=\"widget\" data-e-type=\"widget\" data-widget_type=\"image.default\">\n\t\t\t\t<div class=\"elementor-widget-container\">\n\t\t\t\t\t\t\t\t\t\t\t\t\t\t\t\t<a href=\"https:\/\/www.facebook.com\/sincopaproductora\/\">\n\t\t\t\t\t\t\t<img decoding=\"async\" width=\"150\" height=\"150\" src=\"https:\/\/www.icpa-gz.org.py\/DE\/wp-content\/uploads\/2021\/04\/logo2-150x150.png\" class=\"attachment-thumbnail size-thumbnail wp-image-1462\" alt=\"\" srcset=\"https:\/\/www.icpa-gz.org.py\/DE\/wp-content\/uploads\/2021\/04\/logo2-150x150.png 150w, https:\/\/www.icpa-gz.org.py\/DE\/wp-content\/uploads\/2021\/04\/logo2-300x300.png 300w, https:\/\/www.icpa-gz.org.py\/DE\/wp-content\/uploads\/2021\/04\/logo2.png 400w\" sizes=\"(max-width: 150px) 100vw, 150px\" \/>\t\t\t\t\t\t\t\t<\/a>\n\t\t\t\t\t\t\t\t\t\t\t\t\t\t\t<\/div>\n\t\t\t\t<\/div>\n\t\t\t\t\t<\/div>\n\t\t<\/div>\n\t\t\t\t<div class=\"elementor-column elementor-col-50 elementor-top-column elementor-element elementor-element-22aeaa1\" data-id=\"22aeaa1\" data-element_type=\"column\" data-e-type=\"column\">\n\t\t\t<div class=\"elementor-widget-wrap elementor-element-populated\">\n\t\t\t\t\t\t<div class=\"elementor-element elementor-element-1a7dec6 elementor-widget elementor-widget-text-editor\" data-id=\"1a7dec6\" data-element_type=\"widget\" data-e-type=\"widget\" data-widget_type=\"text-editor.default\">\n\t\t\t\t<div class=\"elementor-widget-container\">\n\t\t\t\t\t\t\t\t\t<p>Das Instituto Paraguayo-Cultural Alem\u00e1n \u2013 Goethe-Zentrum\u00a0erhielt das Goethe-Siegel, ein Akkreditierungssiegel des Goethe-Instituts, das garantiert, dass unsere Deutschkurse den von dieser Institution weltweit festgelegten Richtlinien hinsichtlich des allgemein anerkannten Niveaus der Lehre und der innovativen Technologie entsprechen. Damit ist unser Deutsch-paraguayisches Kulturinstitut-Goethe-Zentrum die einzige Institution in Paraguay, die internationale Zertifikate der deutschen Sprache ausstellen darf.<\/p>\t\t\t\t\t\t\t\t<\/div>\n\t\t\t\t<\/div>\n\t\t\t\t\t<\/div>\n\t\t<\/div>\n\t\t\t\t\t<\/div>\n\t\t<\/section>\n\t\t\t\t<section class=\"elementor-section elementor-top-section elementor-element elementor-element-b440af3 elementor-section-boxed elementor-section-height-default elementor-section-height-default\" data-id=\"b440af3\" data-element_type=\"section\" data-e-type=\"section\">\n\t\t\t\t\t\t<div class=\"elementor-container elementor-column-gap-default\">\n\t\t\t\t\t<div class=\"elementor-column elementor-col-50 elementor-top-column elementor-element elementor-element-2ddf657\" data-id=\"2ddf657\" data-element_type=\"column\" data-e-type=\"column\">\n\t\t\t<div class=\"elementor-widget-wrap elementor-element-populated\">\n\t\t\t\t\t\t<div class=\"elementor-element elementor-element-b1fe06f elementor-widget elementor-widget-text-editor\" data-id=\"b1fe06f\" data-element_type=\"widget\" data-e-type=\"widget\" data-widget_type=\"text-editor.default\">\n\t\t\t\t<div class=\"elementor-widget-container\">\n\t\t\t\t\t\t\t\t\t<p>In diesem Sinne w\u00fcnschen wir uns, dass Sie und Ihr Unternehmen Teil unseres Instituts und unser Partner werden, und somit dazu beitragen, den Fortbestand der deutschen Kultur und Sprache mit all ihrem Reichtum und ihrer Geschichte im Kulturleben Paraguays zu garantieren. Kultur tr\u00e4gt zur menschlichen Entwicklung bei und stellt ein Spiegelbild des Fortschritts sowie eine Motivation zur pers\u00f6nlichen Weiterentwicklung dar.<\/p>\t\t\t\t\t\t\t\t<\/div>\n\t\t\t\t<\/div>\n\t\t\t\t\t<\/div>\n\t\t<\/div>\n\t\t\t\t<div class=\"elementor-column elementor-col-50 elementor-top-column elementor-element elementor-element-00d4660\" data-id=\"00d4660\" data-element_type=\"column\" data-e-type=\"column\">\n\t\t\t<div class=\"elementor-widget-wrap elementor-element-populated\">\n\t\t\t\t\t\t<div class=\"elementor-element elementor-element-2d4d386 elementor-widget elementor-widget-image\" data-id=\"2d4d386\" data-element_type=\"widget\" data-e-type=\"widget\" data-widget_type=\"image.default\">\n\t\t\t\t<div class=\"elementor-widget-container\">\n\t\t\t\t\t\t\t\t\t\t\t\t\t\t\t<img loading=\"lazy\" decoding=\"async\" width=\"150\" height=\"150\" src=\"https:\/\/www.icpa-gz.org.py\/DE\/wp-content\/uploads\/2021\/04\/logo3-150x150.png\" class=\"attachment-thumbnail size-thumbnail wp-image-1463\" alt=\"\" srcset=\"https:\/\/www.icpa-gz.org.py\/DE\/wp-content\/uploads\/2021\/04\/logo3-150x150.png 150w, https:\/\/www.icpa-gz.org.py\/DE\/wp-content\/uploads\/2021\/04\/logo3-300x300.png 300w, https:\/\/www.icpa-gz.org.py\/DE\/wp-content\/uploads\/2021\/04\/logo3.png 400w\" sizes=\"(max-width: 150px) 100vw, 150px\" \/>\t\t\t\t\t\t\t\t\t\t\t\t\t\t\t<\/div>\n\t\t\t\t<\/div>\n\t\t\t\t\t<\/div>\n\t\t<\/div>\n\t\t\t\t\t<\/div>\n\t\t<\/section>\n\t\t\t\t<section class=\"elementor-section elementor-top-section elementor-element elementor-element-4263752 elementor-reverse-mobile elementor-section-boxed elementor-section-height-default elementor-section-height-default\" data-id=\"4263752\" data-element_type=\"section\" data-e-type=\"section\">\n\t\t\t\t\t\t<div class=\"elementor-container elementor-column-gap-default\">\n\t\t\t\t\t<div class=\"elementor-column elementor-col-50 elementor-top-column elementor-element elementor-element-244a5e9\" data-id=\"244a5e9\" data-element_type=\"column\" data-e-type=\"column\">\n\t\t\t<div class=\"elementor-widget-wrap elementor-element-populated\">\n\t\t\t\t\t\t<div class=\"elementor-element elementor-element-961dbfb elementor-widget elementor-widget-image\" data-id=\"961dbfb\" data-element_type=\"widget\" data-e-type=\"widget\" data-widget_type=\"image.default\">\n\t\t\t\t<div class=\"elementor-widget-container\">\n\t\t\t\t\t\t\t\t\t\t\t\t\t\t\t\t<a href=\"https:\/\/cultura.asuncion.gov.py\">\n\t\t\t\t\t\t\t<img loading=\"lazy\" decoding=\"async\" width=\"150\" height=\"150\" src=\"https:\/\/www.icpa-gz.org.py\/DE\/wp-content\/uploads\/2021\/04\/logo4-150x150.png\" class=\"attachment-thumbnail size-thumbnail wp-image-1465\" alt=\"\" srcset=\"https:\/\/www.icpa-gz.org.py\/DE\/wp-content\/uploads\/2021\/04\/logo4-150x150.png 150w, https:\/\/www.icpa-gz.org.py\/DE\/wp-content\/uploads\/2021\/04\/logo4-300x300.png 300w, https:\/\/www.icpa-gz.org.py\/DE\/wp-content\/uploads\/2021\/04\/logo4.png 400w\" sizes=\"(max-width: 150px) 100vw, 150px\" \/>\t\t\t\t\t\t\t\t<\/a>\n\t\t\t\t\t\t\t\t\t\t\t\t\t\t\t<\/div>\n\t\t\t\t<\/div>\n\t\t\t\t\t<\/div>\n\t\t<\/div>\n\t\t\t\t<div class=\"elementor-column elementor-col-50 elementor-top-column elementor-element elementor-element-41f0ddb\" data-id=\"41f0ddb\" data-element_type=\"column\" data-e-type=\"column\">\n\t\t\t<div class=\"elementor-widget-wrap elementor-element-populated\">\n\t\t\t\t\t\t<div class=\"elementor-element elementor-element-40c29d4 elementor-widget elementor-widget-text-editor\" data-id=\"40c29d4\" data-element_type=\"widget\" data-e-type=\"widget\" data-widget_type=\"text-editor.default\">\n\t\t\t\t<div class=\"elementor-widget-container\">\n\t\t\t\t\t\t\t\t\t<p>Wir sind eine vom Staatlichen Untersekretariat f\u00fcr Steuern\u00a0(SET) autorisierte Non-Profit-Organisation (NPO) und freuen uns sehr \u00fcber Ihre Unterst\u00fctzung. Es besteht die f\u00fcr Sie kostenneutrale M\u00f6glichkeit, von dem Betrag der zu entrichtenden Umsatsteuer 1% an das ICPA \u2013 GZ zu spenden. Im Gegenzug erhalten Sie Stipendien f\u00fcr das Erlernen der deutschen Sprache und tragen somit zur Verbreitung unserer Sprache und Kultur bei. Auf diese Weise k\u00f6nnen sowohl Ihr Unternehmen als auch wir uns auf dem Gebiet der Bildung, der Wirtschaft und der Gemeinn\u00fctzigkeit weiterentwickeln und wachsen.<\/p>\t\t\t\t\t\t\t\t<\/div>\n\t\t\t\t<\/div>\n\t\t\t\t\t<\/div>\n\t\t<\/div>\n\t\t\t\t\t<\/div>\n\t\t<\/section>\n\t\t\t\t<section class=\"elementor-section elementor-top-section elementor-element elementor-element-b546187 elementor-section-boxed elementor-section-height-default elementor-section-height-default\" data-id=\"b546187\" data-element_type=\"section\" data-e-type=\"section\">\n\t\t\t\t\t\t<div class=\"elementor-container elementor-column-gap-default\">\n\t\t\t\t\t<div class=\"elementor-column elementor-col-50 elementor-top-column elementor-element elementor-element-3d8ec8f\" data-id=\"3d8ec8f\" data-element_type=\"column\" data-e-type=\"column\">\n\t\t\t<div class=\"elementor-widget-wrap elementor-element-populated\">\n\t\t\t\t\t\t<div class=\"elementor-element elementor-element-a62b9c7 elementor-widget elementor-widget-text-editor\" data-id=\"a62b9c7\" data-element_type=\"widget\" data-e-type=\"widget\" data-widget_type=\"text-editor.default\">\n\t\t\t\t<div class=\"elementor-widget-container\">\n\t\t\t\t\t\t\t\t\t<p>Wir freuen uns sehr, ein pers\u00f6nliches Gespr\u00e4ch mit Ihnen f\u00fchren zu d\u00fcrfen und laden Sie ein, unser Stipendienprogramm und unsere Kulturbewegung kennenzulernen, um eine f\u00fcr beide Seiten gewinnbringende Partnerschaft zu entwickeln.<\/p><p>F\u00fcr Anfragen sind wir gerne Ihr Ansprechpartner | <a href=\"mailto:direccion@icpa-gz.org.py\">direccion@icpa-gz.org.py<\/a><\/p>\t\t\t\t\t\t\t\t<\/div>\n\t\t\t\t<\/div>\n\t\t\t\t\t<\/div>\n\t\t<\/div>\n\t\t\t\t<div class=\"elementor-column elementor-col-50 elementor-top-column elementor-element elementor-element-3855ac3\" data-id=\"3855ac3\" data-element_type=\"column\" data-e-type=\"column\">\n\t\t\t<div class=\"elementor-widget-wrap elementor-element-populated\">\n\t\t\t\t\t\t<div class=\"elementor-element elementor-element-0d387f2 elementor-widget elementor-widget-image\" data-id=\"0d387f2\" data-element_type=\"widget\" data-e-type=\"widget\" data-widget_type=\"image.default\">\n\t\t\t\t<div class=\"elementor-widget-container\">\n\t\t\t\t\t\t\t\t\t\t\t\t\t\t\t\t<a href=\"https:\/\/sfa.org.py\">\n\t\t\t\t\t\t\t<img loading=\"lazy\" decoding=\"async\" width=\"150\" height=\"150\" src=\"https:\/\/www.icpa-gz.org.py\/DE\/wp-content\/uploads\/2021\/04\/logo6-150x150.png\" class=\"attachment-thumbnail size-thumbnail wp-image-1466\" alt=\"\" srcset=\"https:\/\/www.icpa-gz.org.py\/DE\/wp-content\/uploads\/2021\/04\/logo6-150x150.png 150w, https:\/\/www.icpa-gz.org.py\/DE\/wp-content\/uploads\/2021\/04\/logo6-300x300.png 300w, https:\/\/www.icpa-gz.org.py\/DE\/wp-content\/uploads\/2021\/04\/logo6.png 400w\" sizes=\"(max-width: 150px) 100vw, 150px\" \/>\t\t\t\t\t\t\t\t<\/a>\n\t\t\t\t\t\t\t\t\t\t\t\t\t\t\t<\/div>\n\t\t\t\t<\/div>\n\t\t\t\t\t<\/div>\n\t\t<\/div>\n\t\t\t\t\t<\/div>\n\t\t<\/section>\n\t\t\t\t<\/div>\n\t\t","protected":false},"excerpt":{"rendered":"<p>Lassen Sie uns kooperieren! Um uns bestm\u00f6glich zu vernetzen arbeiten wir in st\u00e4ndiger Kommunikation mit der deutschen Botschaft, deutschen Wirtschafts-,<\/p>\n","protected":false},"author":1,"featured_media":0,"parent":0,"menu_order":0,"comment_status":"closed","ping_status":"closed","template":"","meta":{"colormag_page_container_layout":"no_sidebar_full_width","colormag_page_sidebar_layout":"no_sidebar","_joinchat":[],"footnotes":""},"class_list":["post-14849","page","type-page","status-publish","hentry"],"_links":{"self":[{"href":"https:\/\/www.icpa-gz.org.py\/DE\/wp-json\/wp\/v2\/pages\/14849","targetHints":{"allow":["GET"]}}],"collection":[{"href":"https:\/\/www.icpa-gz.org.py\/DE\/wp-json\/wp\/v2\/pages"}],"about":[{"href":"https:\/\/www.icpa-gz.org.py\/DE\/wp-json\/wp\/v2\/types\/page"}],"author":[{"embeddable":true,"href":"https:\/\/www.icpa-gz.org.py\/DE\/wp-json\/wp\/v2\/users\/1"}],"replies":[{"embeddable":true,"href":"https:\/\/www.icpa-gz.org.py\/DE\/wp-json\/wp\/v2\/comments?post=14849"}],"version-history":[{"count":16,"href":"https:\/\/www.icpa-gz.org.py\/DE\/wp-json\/wp\/v2\/pages\/14849\/revisions"}],"predecessor-version":[{"id":14878,"href":"https:\/\/www.icpa-gz.org.py\/DE\/wp-json\/wp\/v2\/pages\/14849\/revisions\/14878"}],"wp:attachment":[{"href":"https:\/\/www.icpa-gz.org.py\/DE\/wp-json\/wp\/v2\/media?parent=14849"}],"curies":[{"name":"wp","href":"https:\/\/api.w.org\/{rel}","templated":true}]}}