{"id":14830,"date":"2023-11-23T18:07:08","date_gmt":"2023-11-23T21:07:08","guid":{"rendered":"https:\/\/www.icpa-gz.org.py\/DE\/?page_id=14830"},"modified":"2023-11-23T18:10:46","modified_gmt":"2023-11-23T21:10:46","slug":"mitglied-werden","status":"publish","type":"page","link":"https:\/\/www.icpa-gz.org.py\/DE\/mitglied-werden\/","title":{"rendered":"Mitglied werden"},"content":{"rendered":"\t\t<div data-elementor-type=\"wp-page\" data-elementor-id=\"14830\" class=\"elementor elementor-14830\">\n\t\t\t\t\t\t<section class=\"elementor-section elementor-top-section elementor-element elementor-element-90f3b7f elementor-section-boxed elementor-section-height-default elementor-section-height-default\" data-id=\"90f3b7f\" data-element_type=\"section\" data-e-type=\"section\">\n\t\t\t\t\t\t<div class=\"elementor-container elementor-column-gap-default\">\n\t\t\t\t\t<div class=\"elementor-column elementor-col-100 elementor-top-column elementor-element elementor-element-1ef0305\" data-id=\"1ef0305\" data-element_type=\"column\" data-e-type=\"column\">\n\t\t\t<div class=\"elementor-widget-wrap elementor-element-populated\">\n\t\t\t\t\t\t<div class=\"elementor-element elementor-element-a25e866 elementor-widget elementor-widget-image\" data-id=\"a25e866\" data-element_type=\"widget\" data-e-type=\"widget\" data-widget_type=\"image.default\">\n\t\t\t\t<div class=\"elementor-widget-container\">\n\t\t\t\t\t\t\t\t\t\t\t\t\t\t\t<img fetchpriority=\"high\" decoding=\"async\" width=\"1024\" height=\"631\" src=\"https:\/\/www.icpa-gz.org.py\/DE\/wp-content\/uploads\/2023\/11\/ICPA_Ausen-1024x631-1.jpg\" class=\"attachment-full size-full wp-image-14679\" alt=\"\" srcset=\"https:\/\/www.icpa-gz.org.py\/DE\/wp-content\/uploads\/2023\/11\/ICPA_Ausen-1024x631-1.jpg 1024w, https:\/\/www.icpa-gz.org.py\/DE\/wp-content\/uploads\/2023\/11\/ICPA_Ausen-1024x631-1-300x185.jpg 300w, https:\/\/www.icpa-gz.org.py\/DE\/wp-content\/uploads\/2023\/11\/ICPA_Ausen-1024x631-1-768x473.jpg 768w\" sizes=\"(max-width: 1024px) 100vw, 1024px\" \/>\t\t\t\t\t\t\t\t\t\t\t\t\t\t\t<\/div>\n\t\t\t\t<\/div>\n\t\t\t\t\t<\/div>\n\t\t<\/div>\n\t\t\t\t\t<\/div>\n\t\t<\/section>\n\t\t\t\t<section class=\"elementor-section elementor-top-section elementor-element elementor-element-98d5564 elementor-section-boxed elementor-section-height-default elementor-section-height-default\" data-id=\"98d5564\" data-element_type=\"section\" data-e-type=\"section\">\n\t\t\t\t\t\t<div class=\"elementor-container elementor-column-gap-default\">\n\t\t\t\t\t<div class=\"elementor-column elementor-col-100 elementor-top-column elementor-element elementor-element-d68e6b1\" data-id=\"d68e6b1\" data-element_type=\"column\" data-e-type=\"column\">\n\t\t\t<div class=\"elementor-widget-wrap elementor-element-populated\">\n\t\t\t\t\t\t<div class=\"elementor-element elementor-element-71aca4a elementor-widget elementor-widget-text-editor\" data-id=\"71aca4a\" data-element_type=\"widget\" data-e-type=\"widget\" data-widget_type=\"text-editor.default\">\n\t\t\t\t<div class=\"elementor-widget-container\">\n\t\t\t\t\t\t\t\t\t<h3>Werde Mitglied im ICPA-GZ!<\/h3>\t\t\t\t\t\t\t\t<\/div>\n\t\t\t\t<\/div>\n\t\t\t\t\t<\/div>\n\t\t<\/div>\n\t\t\t\t\t<\/div>\n\t\t<\/section>\n\t\t\t\t<section class=\"elementor-section elementor-top-section elementor-element elementor-element-4fd1939 elementor-section-boxed elementor-section-height-default elementor-section-height-default\" data-id=\"4fd1939\" data-element_type=\"section\" data-e-type=\"section\">\n\t\t\t\t\t\t<div class=\"elementor-container elementor-column-gap-default\">\n\t\t\t\t\t<div class=\"elementor-column elementor-col-50 elementor-top-column elementor-element elementor-element-5e1688c\" data-id=\"5e1688c\" data-element_type=\"column\" data-e-type=\"column\">\n\t\t\t<div class=\"elementor-widget-wrap elementor-element-populated\">\n\t\t\t\t\t\t<div class=\"elementor-element elementor-element-02e65dc elementor-widget elementor-widget-text-editor\" data-id=\"02e65dc\" data-element_type=\"widget\" data-e-type=\"widget\" data-widget_type=\"text-editor.default\">\n\t\t\t\t<div class=\"elementor-widget-container\">\n\t\t\t\t\t\t\t\t\t<p><span lang=\"de-DE\">Kultur ist ein wichtiges Instrument f\u00fcr die Entwicklung der Gesellschaft.<\/span><\/p><p><span lang=\"de-DE\">Das Deutsche Paraguayische Kulturinstitut spielt diese Rolle seit fast 60 Jahren; ein wichtiges Bindeglied zwischen den L\u00e4ndern Paraguay und Deutschland und hat einen entscheidenden Einfluss auf Paraguays Kultur- und Bildungslandschaft.<\/span><\/p><p><span lang=\"de-DE\">Wir bieten Deutschkurse von Anfangskurse bis zur Fortgeschrittenen-Ebene an und sind das einzige Institut in Paraguay, das vom Goethe-Institut, mit dem wir zusammenarbeiten, akkreditierte wurde und stellen international anerkannte Zertifikate aus.<\/span><\/p><p><span lang=\"de-DE\">Dar\u00fcber hinaus bieten wir Raum f\u00fcr Kunstausstellungen, Buchver\u00f6ffentlichungen, Theaterst\u00fccke und Konzerte aller Musikstile an. Wir bieten Seminaren und k\u00fcnstlerischen Kurse an und st\u00f6rken die Kommunikation zwischen Kunstschaffenden und der Gesellschaft.<\/span><\/p><p><span lang=\"de-DE\">All dies ist m\u00f6glich dank gro\u00dfz\u00fcgiger Beitr\u00e4ge von ICPA GZ-Partnern und -Freunden und Mitgliedern, die es erm\u00f6glichen, diesen physischen, kulturellen und intellektuellen Raum zu schaffen und zu erhalten.<\/span><\/p><p><span lang=\"de-DE\">Wenn Sie ein Freund und Partner unseres Instituts werden, k\u00f6nnen Sie miterleben, wie Ihr Beitrag einen echten Unterschied macht und zur Umsetzung der bildungs- und k\u00fcnstlerischen Programme unserer Stadt beitr\u00e4gt.<\/span><\/p><p><span lang=\"de-DE\">Ihr Beitrag ist entscheidend f\u00fcr die Erf\u00fcllung unserer Mission und f\u00fcr unsere kurz- und langfristige Nachhaltigkeit.<\/span><\/p>\t\t\t\t\t\t\t\t<\/div>\n\t\t\t\t<\/div>\n\t\t\t\t<div class=\"elementor-element elementor-element-7440478 elementor-align-center elementor-widget elementor-widget-button\" data-id=\"7440478\" data-element_type=\"widget\" data-e-type=\"widget\" data-widget_type=\"button.default\">\n\t\t\t\t<div class=\"elementor-widget-container\">\n\t\t\t\t\t\t\t\t\t<div class=\"elementor-button-wrapper\">\n\t\t\t\t\t<a class=\"elementor-button elementor-button-link elementor-size-sm\" href=\"https:\/\/www.icpa-gz.org.py\/DE\/wp-content\/uploads\/2021\/04\/ZT13-Solicitud_Socio.pdf\">\n\t\t\t\t\t\t<span class=\"elementor-button-content-wrapper\">\n\t\t\t\t\t\t\t\t\t<span class=\"elementor-button-text\">Beitrittsformular<\/span>\n\t\t\t\t\t<\/span>\n\t\t\t\t\t<\/a>\n\t\t\t\t<\/div>\n\t\t\t\t\t\t\t\t<\/div>\n\t\t\t\t<\/div>\n\t\t\t\t\t<\/div>\n\t\t<\/div>\n\t\t\t\t<div class=\"elementor-column elementor-col-50 elementor-top-column elementor-element elementor-element-0023263\" data-id=\"0023263\" data-element_type=\"column\" data-e-type=\"column\">\n\t\t\t<div class=\"elementor-widget-wrap elementor-element-populated\">\n\t\t\t\t\t\t<div class=\"elementor-element elementor-element-15ef63b elementor-widget elementor-widget-image\" data-id=\"15ef63b\" data-element_type=\"widget\" data-e-type=\"widget\" data-widget_type=\"image.default\">\n\t\t\t\t<div class=\"elementor-widget-container\">\n\t\t\t\t\t\t\t\t\t\t\t\t\t\t\t<img decoding=\"async\" width=\"626\" height=\"621\" src=\"https:\/\/www.icpa-gz.org.py\/DE\/wp-content\/uploads\/2021\/01\/njotros.png\" class=\"attachment-full size-full wp-image-711\" alt=\"\" srcset=\"https:\/\/www.icpa-gz.org.py\/DE\/wp-content\/uploads\/2021\/01\/njotros.png 626w, https:\/\/www.icpa-gz.org.py\/DE\/wp-content\/uploads\/2021\/01\/njotros-300x298.png 300w, https:\/\/www.icpa-gz.org.py\/DE\/wp-content\/uploads\/2021\/01\/njotros-150x150.png 150w\" sizes=\"(max-width: 626px) 100vw, 626px\" \/>\t\t\t\t\t\t\t\t\t\t\t\t\t\t\t<\/div>\n\t\t\t\t<\/div>\n\t\t\t\t\t<\/div>\n\t\t<\/div>\n\t\t\t\t\t<\/div>\n\t\t<\/section>\n\t\t\t\t<\/div>\n\t\t","protected":false},"excerpt":{"rendered":"<p>Werde Mitglied im ICPA-GZ! Kultur ist ein wichtiges Instrument f\u00fcr die Entwicklung der Gesellschaft. Das Deutsche Paraguayische Kulturinstitut spielt diese<\/p>\n","protected":false},"author":1,"featured_media":0,"parent":0,"menu_order":0,"comment_status":"closed","ping_status":"closed","template":"","meta":{"colormag_page_container_layout":"no_sidebar_full_width","colormag_page_sidebar_layout":"no_sidebar","_joinchat":[],"footnotes":""},"class_list":["post-14830","page","type-page","status-publish","hentry"],"_links":{"self":[{"href":"https:\/\/www.icpa-gz.org.py\/DE\/wp-json\/wp\/v2\/pages\/14830","targetHints":{"allow":["GET"]}}],"collection":[{"href":"https:\/\/www.icpa-gz.org.py\/DE\/wp-json\/wp\/v2\/pages"}],"about":[{"href":"https:\/\/www.icpa-gz.org.py\/DE\/wp-json\/wp\/v2\/types\/page"}],"author":[{"embeddable":true,"href":"https:\/\/www.icpa-gz.org.py\/DE\/wp-json\/wp\/v2\/users\/1"}],"replies":[{"embeddable":true,"href":"https:\/\/www.icpa-gz.org.py\/DE\/wp-json\/wp\/v2\/comments?post=14830"}],"version-history":[{"count":4,"href":"https:\/\/www.icpa-gz.org.py\/DE\/wp-json\/wp\/v2\/pages\/14830\/revisions"}],"predecessor-version":[{"id":14847,"href":"https:\/\/www.icpa-gz.org.py\/DE\/wp-json\/wp\/v2\/pages\/14830\/revisions\/14847"}],"wp:attachment":[{"href":"https:\/\/www.icpa-gz.org.py\/DE\/wp-json\/wp\/v2\/media?parent=14830"}],"curies":[{"name":"wp","href":"https:\/\/api.w.org\/{rel}","templated":true}]}}